{"id":76,"date":"2020-05-21T18:08:50","date_gmt":"2020-05-21T16:08:50","guid":{"rendered":"http:\/\/riaconseil.com\/?page_id=76"},"modified":"2020-06-09T09:42:08","modified_gmt":"2020-06-09T07:42:08","slug":"references","status":"publish","type":"page","link":"https:\/\/riaconseil.com\/index.php\/references\/","title":{"rendered":"R\u00e9f\u00e9rences \/ Satisfaction Clients"},"content":{"rendered":"\n<div class=\"wp-block-file\"><a href=\"http:\/\/riaconseil.com\/wp-content\/uploads\/2020\/05\/Fiches-R\u00e9f\u00e9rences-RIA-Conseil-2020.pdf\"><strong><span style=\"color:#2e79d1\" class=\"has-inline-color\">Fiches-R\u00e9f\u00e9rences-RIA-Conseil-2020<\/span><\/strong><\/a><a href=\"http:\/\/riaconseil.com\/wp-content\/uploads\/2020\/05\/Fiches-R\u00e9f\u00e9rences-RIA-Conseil-2020.pdf\" class=\"wp-block-file__button\" download>T\u00e9l\u00e9charger<\/a><\/div>\n\n\n\n<div class=\"wp-block-file\"><a href=\"http:\/\/riaconseil.com\/wp-content\/uploads\/2020\/06\/Satisfaction-Clients-RIA-Conseil-2020.pdf\"><strong><span class=\"has-inline-color has-vivid-cyan-blue-color\">S<\/span><span style=\"color:#2e79d1\" class=\"has-inline-color\">atisfaction Clients RIA Conseil 2020<\/span><\/strong><\/a><a href=\"http:\/\/riaconseil.com\/wp-content\/uploads\/2020\/06\/Satisfaction-Clients-RIA-Conseil-2020.pdf\" class=\"wp-block-file__button\" download>T\u00e9l\u00e9charger<\/a><\/div>\n\n\n\n<figure class=\"wp-block-image size-large\"><img loading=\"lazy\" width=\"1024\" height=\"569\" src=\"http:\/\/riaconseil.com\/wp-content\/uploads\/2020\/06\/Retours-clients-1024x569.jpg\" alt=\"\" class=\"wp-image-197\" srcset=\"https:\/\/riaconseil.com\/wp-content\/uploads\/2020\/06\/Retours-clients-1024x569.jpg 1024w, https:\/\/riaconseil.com\/wp-content\/uploads\/2020\/06\/Retours-clients-300x167.jpg 300w, https:\/\/riaconseil.com\/wp-content\/uploads\/2020\/06\/Retours-clients-768x426.jpg 768w, https:\/\/riaconseil.com\/wp-content\/uploads\/2020\/06\/Retours-clients.jpg 1430w\" sizes=\"(max-width: 1024px) 100vw, 1024px\" \/><figcaption><strong><span style=\"color:#0071a1\" class=\"has-inline-color\">Retours clients<\/span><\/strong><\/figcaption><\/figure>\n\n\n\n<figure class=\"wp-block-gallery columns-3 is-cropped\"><ul class=\"blocks-gallery-grid\"><li class=\"blocks-gallery-item\"><figure><a href=\"http:\/\/riaconseil.com\/wp-content\/uploads\/2020\/05\/REF-1-EH-EP-CHOR-1.jpg\"><img loading=\"lazy\" width=\"546\" height=\"768\" src=\"http:\/\/riaconseil.com\/wp-content\/uploads\/2020\/05\/REF-1-EH-EP-CHOR-1.jpg\" alt=\"\" data-id=\"86\" data-full-url=\"http:\/\/riaconseil.com\/wp-content\/uploads\/2020\/05\/REF-1-EH-EP-CHOR-1.jpg\" data-link=\"http:\/\/riaconseil.com\/index.php\/references\/ref-1-eh-ep-chor-1\/\" class=\"wp-image-86\" srcset=\"https:\/\/riaconseil.com\/wp-content\/uploads\/2020\/05\/REF-1-EH-EP-CHOR-1.jpg 546w, https:\/\/riaconseil.com\/wp-content\/uploads\/2020\/05\/REF-1-EH-EP-CHOR-1-213x300.jpg 213w\" sizes=\"(max-width: 546px) 100vw, 546px\" \/><\/a><figcaption class=\"blocks-gallery-item__caption\">Assainissement pluvial Extension CHOR St Paul<\/figcaption><\/figure><\/li><li class=\"blocks-gallery-item\"><figure><a href=\"http:\/\/riaconseil.com\/wp-content\/uploads\/2020\/05\/REF-2-EH-RIV-BALTHAZAR-1.jpg\"><img loading=\"lazy\" width=\"583\" height=\"820\" src=\"http:\/\/riaconseil.com\/wp-content\/uploads\/2020\/05\/REF-2-EH-RIV-BALTHAZAR-1.jpg\" alt=\"\" data-id=\"87\" data-full-url=\"http:\/\/riaconseil.com\/wp-content\/uploads\/2020\/05\/REF-2-EH-RIV-BALTHAZAR-1.jpg\" data-link=\"http:\/\/riaconseil.com\/index.php\/references\/ref-2-eh-riv-balthazar-1\/\" class=\"wp-image-87\" srcset=\"https:\/\/riaconseil.com\/wp-content\/uploads\/2020\/05\/REF-2-EH-RIV-BALTHAZAR-1.jpg 583w, https:\/\/riaconseil.com\/wp-content\/uploads\/2020\/05\/REF-2-EH-RIV-BALTHAZAR-1-213x300.jpg 213w\" sizes=\"(max-width: 583px) 100vw, 583px\" \/><\/a><figcaption class=\"blocks-gallery-item__caption\">Mod\u00e9lisationQ100  Ravine Balthazar &#8211; Projet Passerelle pi\u00e9tonne<\/figcaption><\/figure><\/li><li class=\"blocks-gallery-item\"><figure><a href=\"http:\/\/riaconseil.com\/wp-content\/uploads\/2020\/05\/REF-3-EH-EP-DLE-KUBERA-1.jpg\"><img loading=\"lazy\" width=\"569\" height=\"805\" src=\"http:\/\/riaconseil.com\/wp-content\/uploads\/2020\/05\/REF-3-EH-EP-DLE-KUBERA-1.jpg\" alt=\"\" data-id=\"88\" data-full-url=\"http:\/\/riaconseil.com\/wp-content\/uploads\/2020\/05\/REF-3-EH-EP-DLE-KUBERA-1.jpg\" data-link=\"http:\/\/riaconseil.com\/index.php\/references\/ref-3-eh-ep-dle-kubera-1\/\" class=\"wp-image-88\" srcset=\"https:\/\/riaconseil.com\/wp-content\/uploads\/2020\/05\/REF-3-EH-EP-DLE-KUBERA-1.jpg 569w, https:\/\/riaconseil.com\/wp-content\/uploads\/2020\/05\/REF-3-EH-EP-DLE-KUBERA-1-212x300.jpg 212w\" sizes=\"(max-width: 569px) 100vw, 569px\" \/><\/a><figcaption class=\"blocks-gallery-item__caption\">\u00c9tude hydraulique et Dossier R\u00e8glementaire Lotissement Kubera St Andr\u00e9<\/figcaption><\/figure><\/li><li class=\"blocks-gallery-item\"><figure><a href=\"http:\/\/riaconseil.com\/wp-content\/uploads\/2020\/05\/REF-4-FOR-HYD-Geomensura-1.jpg\"><img loading=\"lazy\" width=\"585\" height=\"821\" src=\"http:\/\/riaconseil.com\/wp-content\/uploads\/2020\/05\/REF-4-FOR-HYD-Geomensura-1.jpg\" alt=\"\" data-id=\"89\" data-full-url=\"http:\/\/riaconseil.com\/wp-content\/uploads\/2020\/05\/REF-4-FOR-HYD-Geomensura-1.jpg\" data-link=\"http:\/\/riaconseil.com\/index.php\/references\/ref-4-for-hyd-geomensura-1\/\" class=\"wp-image-89\" srcset=\"https:\/\/riaconseil.com\/wp-content\/uploads\/2020\/05\/REF-4-FOR-HYD-Geomensura-1.jpg 585w, https:\/\/riaconseil.com\/wp-content\/uploads\/2020\/05\/REF-4-FOR-HYD-Geomensura-1-214x300.jpg 214w\" sizes=\"(max-width: 585px) 100vw, 585px\" \/><\/a><figcaption class=\"blocks-gallery-item__caption\">Formation hydraulique dimensionnement EP logiciel Geomensura<\/figcaption><\/figure><\/li><li class=\"blocks-gallery-item\"><figure><a href=\"http:\/\/riaconseil.com\/wp-content\/uploads\/2020\/05\/REF-5-EH-EP-RES-Etud-Tampon-1.jpg\"><img loading=\"lazy\" width=\"554\" height=\"769\" src=\"http:\/\/riaconseil.com\/wp-content\/uploads\/2020\/05\/REF-5-EH-EP-RES-Etud-Tampon-1.jpg\" alt=\"\" data-id=\"90\" data-full-url=\"http:\/\/riaconseil.com\/wp-content\/uploads\/2020\/05\/REF-5-EH-EP-RES-Etud-Tampon-1.jpg\" data-link=\"http:\/\/riaconseil.com\/index.php\/references\/ref-5-eh-ep-res-etud-tampon-1\/\" class=\"wp-image-90\" srcset=\"https:\/\/riaconseil.com\/wp-content\/uploads\/2020\/05\/REF-5-EH-EP-RES-Etud-Tampon-1.jpg 554w, https:\/\/riaconseil.com\/wp-content\/uploads\/2020\/05\/REF-5-EH-EP-RES-Etud-Tampon-1-216x300.jpg 216w\" sizes=\"(max-width: 554px) 100vw, 554px\" \/><\/a><figcaption class=\"blocks-gallery-item__caption\">Assainissement pluvial R\u00e9sidence \u00c9tudiante (49lgts) Le Tampon <\/figcaption><\/figure><\/li><li class=\"blocks-gallery-item\"><figure><a href=\"http:\/\/riaconseil.com\/wp-content\/uploads\/2020\/05\/REF-6-DLE-PArking-VL-Galilee-1.jpg\"><img loading=\"lazy\" width=\"583\" height=\"820\" src=\"http:\/\/riaconseil.com\/wp-content\/uploads\/2020\/05\/REF-6-DLE-PArking-VL-Galilee-1.jpg\" alt=\"\" data-id=\"91\" data-full-url=\"http:\/\/riaconseil.com\/wp-content\/uploads\/2020\/05\/REF-6-DLE-PArking-VL-Galilee-1.jpg\" data-link=\"http:\/\/riaconseil.com\/index.php\/references\/ref-6-dle-parking-vl-galilee-1\/\" class=\"wp-image-91\" srcset=\"https:\/\/riaconseil.com\/wp-content\/uploads\/2020\/05\/REF-6-DLE-PArking-VL-Galilee-1.jpg 583w, https:\/\/riaconseil.com\/wp-content\/uploads\/2020\/05\/REF-6-DLE-PArking-VL-Galilee-1-213x300.jpg 213w\" sizes=\"(max-width: 583px) 100vw, 583px\" \/><\/a><figcaption class=\"blocks-gallery-item__caption\">Dossier r\u00e8glementaire abris VL Cambaie<\/figcaption><\/figure><\/li><\/ul><figcaption class=\"blocks-gallery-caption\"><strong><span style=\"color:#0071a1\" class=\"has-inline-color\">R\u00e9f\u00e9rences r\u00e9centes<\/span><\/strong><\/figcaption><\/figure>\n","protected":false},"excerpt":{"rendered":"","protected":false},"author":1,"featured_media":0,"parent":0,"menu_order":0,"comment_status":"closed","ping_status":"closed","template":"","meta":[],"_links":{"self":[{"href":"https:\/\/riaconseil.com\/index.php\/wp-json\/wp\/v2\/pages\/76"}],"collection":[{"href":"https:\/\/riaconseil.com\/index.php\/wp-json\/wp\/v2\/pages"}],"about":[{"href":"https:\/\/riaconseil.com\/index.php\/wp-json\/wp\/v2\/types\/page"}],"author":[{"embeddable":true,"href":"https:\/\/riaconseil.com\/index.php\/wp-json\/wp\/v2\/users\/1"}],"replies":[{"embeddable":true,"href":"https:\/\/riaconseil.com\/index.php\/wp-json\/wp\/v2\/comments?post=76"}],"version-history":[{"count":8,"href":"https:\/\/riaconseil.com\/index.php\/wp-json\/wp\/v2\/pages\/76\/revisions"}],"predecessor-version":[{"id":189,"href":"https:\/\/riaconseil.com\/index.php\/wp-json\/wp\/v2\/pages\/76\/revisions\/189"}],"wp:attachment":[{"href":"https:\/\/riaconseil.com\/index.php\/wp-json\/wp\/v2\/media?parent=76"}],"curies":[{"name":"wp","href":"https:\/\/api.w.org\/{rel}","templated":true}]}}