{"id":102,"date":"2020-05-22T13:51:16","date_gmt":"2020-05-22T11:51:16","guid":{"rendered":"http:\/\/riaconseil.com\/?page_id=102"},"modified":"2021-06-27T10:16:18","modified_gmt":"2021-06-27T08:16:18","slug":"102-2","status":"publish","type":"page","link":"https:\/\/riaconseil.com\/","title":{"rendered":"Accueil"},"content":{"rendered":"\n<p style=\"font-size:22px\"><strong><a rel=\"noreferrer noopener\" href=\"https:\/\/riaconseil.com\/wp-content\/uploads\/2021\/06\/Plaquette-Presentation-RIA-Conseil.pdf\" target=\"_blank\"><span class=\"has-inline-color has-vivid-cyan-blue-color\">PLAQUETTE DE PR\u00c9SENTATION DE LA SOCI\u00c9T\u00c9<\/span><\/a><\/strong><\/p>\n\n\n\n<div class=\"wp-block-group\"><div class=\"wp-block-group__inner-container\">\n<figure class=\"wp-block-gallery columns-3 is-cropped\"><ul class=\"blocks-gallery-grid\"><li class=\"blocks-gallery-item\"><figure><img loading=\"lazy\" width=\"197\" height=\"196\" src=\"http:\/\/riaconseil.com\/wp-content\/uploads\/2020\/05\/Image-Asst-EP.png\" alt=\"\" data-id=\"108\" data-link=\"http:\/\/riaconseil.com\/?attachment_id=108\" class=\"wp-image-108\" srcset=\"https:\/\/riaconseil.com\/wp-content\/uploads\/2020\/05\/Image-Asst-EP.png 197w, https:\/\/riaconseil.com\/wp-content\/uploads\/2020\/05\/Image-Asst-EP-150x150.png 150w\" sizes=\"(max-width: 197px) 100vw, 197px\" \/><figcaption class=\"blocks-gallery-item__caption\"><a href=\"http:\/\/riaconseil.com\/wp-content\/uploads\/2020\/06\/Assainissement-Pluvial.jpg\"><span class=\"has-inline-color has-very-light-gray-color\">Assainissement Pluvial<\/span><\/a><\/figcaption><\/figure><\/li><li class=\"blocks-gallery-item\"><figure><img loading=\"lazy\" width=\"214\" height=\"199\" src=\"https:\/\/riaconseil.com\/wp-content\/uploads\/2020\/05\/Image-Risque-Inond.jpg\" alt=\"\" data-id=\"109\" data-full-url=\"https:\/\/riaconseil.com\/wp-content\/uploads\/2020\/05\/Image-Risque-Inond.jpg\" data-link=\"https:\/\/riaconseil.com\/index.php\/102-2\/image-risque-inond\/\" class=\"wp-image-109\"\/><figcaption class=\"blocks-gallery-item__caption\"><a href=\"https:\/\/riaconseil.com\/wp-content\/uploads\/2021\/06\/Risque-Inondation-1.jpg\" data-type=\"URL\"><span class=\"has-inline-color has-white-color\">Risque Inondation<\/span><\/a><\/figcaption><\/figure><\/li><li class=\"blocks-gallery-item\"><figure><img loading=\"lazy\" width=\"174\" height=\"179\" src=\"http:\/\/riaconseil.com\/wp-content\/uploads\/2020\/05\/Image-Reglt-2.png\" alt=\"\" data-id=\"116\" data-full-url=\"http:\/\/riaconseil.com\/wp-content\/uploads\/2020\/05\/Image-Reglt-2.png\" data-link=\"http:\/\/riaconseil.com\/?attachment_id=116\" class=\"wp-image-116\"\/><figcaption class=\"blocks-gallery-item__caption\"><a href=\"http:\/\/riaconseil.com\/wp-content\/uploads\/2020\/06\/R\u00e8glementation.jpg\"><span class=\"has-inline-color has-very-light-gray-color\">R\u00e8glementation<\/span><\/a><\/figcaption><\/figure><\/li><\/ul><\/figure>\n<\/div><\/div>\n\n\n\n<figure class=\"wp-block-gallery columns-1 is-cropped\"><ul class=\"blocks-gallery-grid\"><li class=\"blocks-gallery-item\"><figure><a href=\"http:\/\/riaconseil.com\/wp-content\/uploads\/2020\/06\/Assainissement-Pluvial.jpg\"><img loading=\"lazy\" width=\"1024\" height=\"562\" src=\"http:\/\/riaconseil.com\/wp-content\/uploads\/2020\/06\/Assainissement-Pluvial-1024x562.jpg\" alt=\"\" data-id=\"221\" data-full-url=\"http:\/\/riaconseil.com\/wp-content\/uploads\/2020\/06\/Assainissement-Pluvial.jpg\" data-link=\"http:\/\/riaconseil.com\/assainissement-pluvial\/\" class=\"wp-image-221\" srcset=\"https:\/\/riaconseil.com\/wp-content\/uploads\/2020\/06\/Assainissement-Pluvial-1024x562.jpg 1024w, https:\/\/riaconseil.com\/wp-content\/uploads\/2020\/06\/Assainissement-Pluvial-300x165.jpg 300w, https:\/\/riaconseil.com\/wp-content\/uploads\/2020\/06\/Assainissement-Pluvial-768x421.jpg 768w, https:\/\/riaconseil.com\/wp-content\/uploads\/2020\/06\/Assainissement-Pluvial-1536x843.jpg 1536w, https:\/\/riaconseil.com\/wp-content\/uploads\/2020\/06\/Assainissement-Pluvial.jpg 1577w\" sizes=\"(max-width: 1024px) 100vw, 1024px\" \/><\/a><\/figure><\/li><\/ul><\/figure>\n\n\n\n<figure class=\"wp-block-gallery columns-1 is-cropped\"><ul class=\"blocks-gallery-grid\"><li class=\"blocks-gallery-item\"><figure><a href=\"https:\/\/riaconseil.com\/wp-content\/uploads\/2021\/06\/Risque-Inondation.jpg\"><img loading=\"lazy\" width=\"1024\" height=\"571\" src=\"https:\/\/riaconseil.com\/wp-content\/uploads\/2021\/06\/Risque-Inondation-1024x571.jpg\" alt=\"\" data-id=\"249\" data-full-url=\"https:\/\/riaconseil.com\/wp-content\/uploads\/2021\/06\/Risque-Inondation.jpg\" data-link=\"https:\/\/riaconseil.com\/index.php\/102-2\/risque-inondation-2\/\" class=\"wp-image-249\" srcset=\"https:\/\/riaconseil.com\/wp-content\/uploads\/2021\/06\/Risque-Inondation-1024x571.jpg 1024w, https:\/\/riaconseil.com\/wp-content\/uploads\/2021\/06\/Risque-Inondation-300x167.jpg 300w, https:\/\/riaconseil.com\/wp-content\/uploads\/2021\/06\/Risque-Inondation-768x428.jpg 768w, https:\/\/riaconseil.com\/wp-content\/uploads\/2021\/06\/Risque-Inondation.jpg 1531w\" sizes=\"(max-width: 1024px) 100vw, 1024px\" \/><\/a><\/figure><\/li><\/ul><\/figure>\n\n\n\n<figure class=\"wp-block-gallery columns-1 is-cropped\"><ul class=\"blocks-gallery-grid\"><li class=\"blocks-gallery-item\"><figure><a href=\"http:\/\/riaconseil.com\/wp-content\/uploads\/2020\/06\/R\u00e8glementation.jpg\"><img loading=\"lazy\" width=\"1024\" height=\"568\" src=\"http:\/\/riaconseil.com\/wp-content\/uploads\/2020\/06\/R\u00e8glementation-1024x568.jpg\" alt=\"\" data-id=\"223\" data-full-url=\"http:\/\/riaconseil.com\/wp-content\/uploads\/2020\/06\/R\u00e8glementation.jpg\" data-link=\"http:\/\/riaconseil.com\/reglementation\/\" class=\"wp-image-223\" srcset=\"https:\/\/riaconseil.com\/wp-content\/uploads\/2020\/06\/R\u00e8glementation-1024x568.jpg 1024w, https:\/\/riaconseil.com\/wp-content\/uploads\/2020\/06\/R\u00e8glementation-300x166.jpg 300w, https:\/\/riaconseil.com\/wp-content\/uploads\/2020\/06\/R\u00e8glementation-768x426.jpg 768w, https:\/\/riaconseil.com\/wp-content\/uploads\/2020\/06\/R\u00e8glementation-1536x852.jpg 1536w, https:\/\/riaconseil.com\/wp-content\/uploads\/2020\/06\/R\u00e8glementation.jpg 1597w\" sizes=\"(max-width: 1024px) 100vw, 1024px\" \/><\/a><\/figure><\/li><\/ul><\/figure>\n\n\n\n<figure class=\"wp-block-gallery columns-1 is-cropped\"><ul class=\"blocks-gallery-grid\"><li class=\"blocks-gallery-item\"><figure><a href=\"http:\/\/riaconseil.com\/wp-content\/uploads\/2020\/05\/logo-print-hd-transparent.png\"><img loading=\"lazy\" width=\"1024\" height=\"349\" src=\"http:\/\/riaconseil.com\/wp-content\/uploads\/2020\/05\/logo-print-hd-transparent-1024x349.png\" alt=\"\" data-id=\"19\" data-full-url=\"http:\/\/riaconseil.com\/wp-content\/uploads\/2020\/05\/logo-print-hd-transparent.png\" data-link=\"http:\/\/riaconseil.com\/logo-print-hd-transparent\/\" class=\"wp-image-19\" srcset=\"https:\/\/riaconseil.com\/wp-content\/uploads\/2020\/05\/logo-print-hd-transparent-1024x349.png 1024w, https:\/\/riaconseil.com\/wp-content\/uploads\/2020\/05\/logo-print-hd-transparent-300x102.png 300w, https:\/\/riaconseil.com\/wp-content\/uploads\/2020\/05\/logo-print-hd-transparent-768x262.png 768w, https:\/\/riaconseil.com\/wp-content\/uploads\/2020\/05\/logo-print-hd-transparent-1536x523.png 1536w, https:\/\/riaconseil.com\/wp-content\/uploads\/2020\/05\/logo-print-hd-transparent-2048x698.png 2048w\" sizes=\"(max-width: 1024px) 100vw, 1024px\" \/><\/a><\/figure><\/li><\/ul><\/figure>\n","protected":false},"excerpt":{"rendered":"<p>PLAQUETTE DE PR\u00c9SENTATION DE LA SOCI\u00c9T\u00c9<\/p>\n","protected":false},"author":1,"featured_media":0,"parent":0,"menu_order":0,"comment_status":"closed","ping_status":"closed","template":"","meta":[],"_links":{"self":[{"href":"https:\/\/riaconseil.com\/index.php\/wp-json\/wp\/v2\/pages\/102"}],"collection":[{"href":"https:\/\/riaconseil.com\/index.php\/wp-json\/wp\/v2\/pages"}],"about":[{"href":"https:\/\/riaconseil.com\/index.php\/wp-json\/wp\/v2\/types\/page"}],"author":[{"embeddable":true,"href":"https:\/\/riaconseil.com\/index.php\/wp-json\/wp\/v2\/users\/1"}],"replies":[{"embeddable":true,"href":"https:\/\/riaconseil.com\/index.php\/wp-json\/wp\/v2\/comments?post=102"}],"version-history":[{"count":35,"href":"https:\/\/riaconseil.com\/index.php\/wp-json\/wp\/v2\/pages\/102\/revisions"}],"predecessor-version":[{"id":262,"href":"https:\/\/riaconseil.com\/index.php\/wp-json\/wp\/v2\/pages\/102\/revisions\/262"}],"wp:attachment":[{"href":"https:\/\/riaconseil.com\/index.php\/wp-json\/wp\/v2\/media?parent=102"}],"curies":[{"name":"wp","href":"https:\/\/api.w.org\/{rel}","templated":true}]}}